{"id":1464,"date":"2025-09-23T20:15:27","date_gmt":"2025-09-23T23:15:27","guid":{"rendered":"https:\/\/odecasahostel.com\/?page_id=1464"},"modified":"2025-12-11T17:59:20","modified_gmt":"2025-12-11T20:59:20","slug":"lofts","status":"publish","type":"page","link":"https:\/\/odecasahostel.com\/es\/lofts\/","title":{"rendered":"Lofts"},"content":{"rendered":"<div data-elementor-type=\"wp-page\" data-elementor-id=\"1464\" class=\"elementor elementor-1464\" data-elementor-post-type=\"page\">\n\t\t\t\t\t\t<section class=\"elementor-section elementor-top-section elementor-element elementor-element-fc94699 elementor-section-boxed elementor-section-height-default elementor-section-height-default\" data-id=\"fc94699\" data-element_type=\"section\" data-settings=\"{&quot;background_background&quot;:&quot;classic&quot;}\">\n\t\t\t\t\t\t<div class=\"elementor-container elementor-column-gap-default\">\n\t\t\t\t\t<div class=\"elementor-column elementor-col-100 elementor-top-column elementor-element elementor-element-66e7ca1\" data-id=\"66e7ca1\" data-element_type=\"column\">\n\t\t\t<div class=\"elementor-widget-wrap elementor-element-populated\">\n\t\t\t\t\t\t<section class=\"elementor-section elementor-inner-section elementor-element elementor-element-b56d494 elementor-section-boxed elementor-section-height-default elementor-section-height-default\" data-id=\"b56d494\" data-element_type=\"section\">\n\t\t\t\t\t\t<div class=\"elementor-container elementor-column-gap-default\">\n\t\t\t\t\t<div class=\"elementor-column elementor-col-50 elementor-inner-column elementor-element elementor-element-3a313db\" data-id=\"3a313db\" data-element_type=\"column\">\n\t\t\t<div class=\"elementor-widget-wrap elementor-element-populated\">\n\t\t\t\t\t\t<div class=\"elementor-element elementor-element-dffa226 elementor-widget__width-initial elementor-arrows-position-inside elementor-widget elementor-widget-image-carousel\" data-id=\"dffa226\" data-element_type=\"widget\" data-settings=\"{&quot;slides_to_show&quot;:&quot;1&quot;,&quot;navigation&quot;:&quot;arrows&quot;,&quot;autoplay&quot;:&quot;yes&quot;,&quot;pause_on_hover&quot;:&quot;yes&quot;,&quot;pause_on_interaction&quot;:&quot;yes&quot;,&quot;autoplay_speed&quot;:5000,&quot;infinite&quot;:&quot;yes&quot;,&quot;effect&quot;:&quot;slide&quot;,&quot;speed&quot;:500}\" data-widget_type=\"image-carousel.default\">\n\t\t\t\t<div class=\"elementor-widget-container\">\n\t\t\t\t\t\t\t<div class=\"elementor-image-carousel-wrapper swiper\" role=\"region\" aria-roledescription=\"carousel\" aria-label=\"Carrossel de imagens\" dir=\"ltr\">\n\t\t\t<div class=\"elementor-image-carousel swiper-wrapper\" aria-live=\"off\">\n\t\t\t\t\t\t\t\t<div class=\"swiper-slide\" role=\"group\" aria-roledescription=\"slide\" aria-label=\"1 de 2\"><a data-elementor-open-lightbox=\"yes\" data-elementor-lightbox-slideshow=\"dffa226\" data-elementor-lightbox-title=\"\u00d4 de Casa Hostel\" data-e-action-hash=\"#elementor-action%3Aaction%3Dlightbox%26settings%3DeyJpZCI6Mjc4NCwidXJsIjoiaHR0cHM6XC9cL29kZWNhc2Fob3N0ZWwuY29tXC93cC1jb250ZW50XC91cGxvYWRzXC8yMDI1XC8xMlwvRFNDMDcyMDMtc2NhbGVkLmpwZyIsInNsaWRlc2hvdyI6ImRmZmEyMjYifQ%3D%3D\" href=\"https:\/\/odecasahostel.com\/wp-content\/uploads\/2025\/12\/DSC07203-scaled.jpg\"><figure class=\"swiper-slide-inner\"><img decoding=\"async\" class=\"swiper-slide-image\" src=\"https:\/\/odecasahostel.com\/wp-content\/uploads\/2025\/12\/DSC07203-2048x1365.jpg\" alt=\"\u00d4 de Casa Hostel\" \/><\/figure><\/a><\/div><div class=\"swiper-slide\" role=\"group\" aria-roledescription=\"slide\" aria-label=\"2 de 2\"><a data-elementor-open-lightbox=\"yes\" data-elementor-lightbox-slideshow=\"dffa226\" data-elementor-lightbox-title=\"\u00d4 de Casa Hostel\" data-e-action-hash=\"#elementor-action%3Aaction%3Dlightbox%26settings%3DeyJpZCI6Mjc4NSwidXJsIjoiaHR0cHM6XC9cL29kZWNhc2Fob3N0ZWwuY29tXC93cC1jb250ZW50XC91cGxvYWRzXC8yMDI1XC8xMlwvRFNDMDcyMjItc2NhbGVkLmpwZyIsInNsaWRlc2hvdyI6ImRmZmEyMjYifQ%3D%3D\" href=\"https:\/\/odecasahostel.com\/wp-content\/uploads\/2025\/12\/DSC07222-scaled.jpg\"><figure class=\"swiper-slide-inner\"><img decoding=\"async\" class=\"swiper-slide-image\" src=\"https:\/\/odecasahostel.com\/wp-content\/uploads\/2025\/12\/DSC07222-2048x1365.jpg\" alt=\"\u00d4 de Casa Hostel\" \/><\/figure><\/a><\/div>\t\t\t<\/div>\n\t\t\t\t\t\t\t\t\t\t\t\t<div class=\"elementor-swiper-button elementor-swiper-button-prev\" role=\"button\" tabindex=\"0\">\n\t\t\t\t\t\t<svg xmlns=\"http:\/\/www.w3.org\/2000\/svg\" xmlns:xlink=\"http:\/\/www.w3.org\/1999\/xlink\" xmlns:xodm=\"http:\/\/www.corel.com\/coreldraw\/odm\/2003\" xml:space=\"preserve\" width=\"91.8189mm\" height=\"205.502mm\" style=\"shape-rendering:geometricPrecision; text-rendering:geometricPrecision; image-rendering:optimizeQuality; fill-rule:evenodd; clip-rule:evenodd\" viewbox=\"0 0 18812.67 42104.99\"> <defs>  <style type=\"text\/css\">       .fil0 {fill:#EC268F}     <\/style> <\/defs> <g id=\"Camada_x0020_1\">  <metadata id=\"CorelCorpID_0Corel-Layer\"><\/metadata>  <path class=\"fil0\" d=\"M18809.78 3617.27l0 10562.41c0,152.79 -1310.35,1599.03 -1574.06,1898.52 -640.99,727.89 -2065.79,2097.67 -2549.62,2731.58 -609.46,798.57 -1512.18,1586.82 -2387.39,2893.83 348.02,657.75 1126.68,1086.18 1751.45,1504.07 788.19,527.24 1130.72,986.79 1702.54,1625.36 262.46,293.11 479.26,619.87 721.39,942.53l1483.27 1844.59c318.75,340.98 852.4,572.54 852.4,811.54l2.89 9552.49c-4.81,390.01 -66.71,426.27 -77.59,790.54 -16.19,540.64 0.57,1121.79 2.58,1666.53 2.4,644.64 -72.55,1005.12 -72.55,1663.72 -1027.93,-85.54 -2162.27,-1352.92 -2720.49,-2199.01 -1191.88,-1806.53 -3017.93,-3792.6 -4532.14,-5306.83 -1289.51,-1289.49 -1273.67,-1211 -2210.44,-2709.02 -662.98,-1060.18 -1377.82,-1819.72 -2238.8,-2680.7l-1186.39 -1273.34c-805.95,-1006.19 -1632.29,-2056.61 -2576.31,-2921.92 -827.42,-758.46 -3200.53,-2777.45 -3200.53,-3672.28 0,-531.15 742.33,-1045.73 1125.86,-1333.89 878.67,-660.15 1597.64,-1958.18 2546.85,-3023.73 133.85,-150.25 184.91,-187.47 306.41,-344.71l1686.54 -2075.4c946.3,-1168.79 1320.08,-1576.39 2106.61,-2885.25 1057.17,-1759.24 1168.5,-1217.98 1869.69,-1892.25 246.6,-237.14 345.83,-411.19 576.86,-653 216.69,-226.77 344.13,-444.2 543.9,-685.97 836.62,-1012.34 1214.38,-1644.91 2242.18,-2749.67l3582.97 -3940.94c531.13,-720.35 1162.5,-1543.98 2077.22,-1757.09 0,423.22 63.6,493.62 74.7,865.78l69.97 2751.49z\"><\/path> <\/g><\/svg>\t\t\t\t\t<\/div>\n\t\t\t\t\t<div class=\"elementor-swiper-button elementor-swiper-button-next\" role=\"button\" tabindex=\"0\">\n\t\t\t\t\t\t<svg xmlns=\"http:\/\/www.w3.org\/2000\/svg\" xmlns:xlink=\"http:\/\/www.w3.org\/1999\/xlink\" xmlns:xodm=\"http:\/\/www.corel.com\/coreldraw\/odm\/2003\" xml:space=\"preserve\" width=\"92.5899mm\" height=\"207.227mm\" style=\"shape-rendering:geometricPrecision; text-rendering:geometricPrecision; image-rendering:optimizeQuality; fill-rule:evenodd; clip-rule:evenodd\" viewbox=\"0 0 6107.53 13669.38\"> <defs>  <style type=\"text\/css\">       .fil0 {fill:#EC268F}     <\/style> <\/defs> <g id=\"Camada_x0020_1\">  <metadata id=\"CorelCorpID_0Corel-Layer\"><\/metadata>  <path class=\"fil0\" d=\"M0.94 1174.34l0 3429.09c0,49.6 425.4,519.13 511.02,616.35 208.1,236.31 670.66,681.01 827.73,886.81 197.86,259.25 490.93,515.16 775.06,939.48 -112.99,213.54 -365.78,352.63 -568.61,488.29 -255.88,171.17 -367.09,320.36 -552.73,527.68 -85.21,95.16 -155.59,201.24 -234.2,305.99l-481.55 598.85c-103.48,110.69 -276.72,185.87 -276.72,263.47l-0.94 3101.21c1.57,126.62 21.66,138.39 25.2,256.65 5.25,175.52 -0.19,364.19 -0.84,541.04 -0.78,209.29 23.56,326.31 23.56,540.13 333.71,-27.77 701.98,-439.23 883.21,-713.91 386.95,-586.49 979.77,-1231.27 1471.36,-1722.86 418.64,-418.64 413.5,-393.15 717.62,-879.48 215.24,-344.19 447.3,-590.77 726.82,-870.29l385.16 -413.39c261.66,-326.66 529.93,-667.68 836.4,-948.6 268.63,-246.23 1039.05,-901.7 1039.05,-1192.21 0,-172.43 -241,-339.5 -365.51,-433.04 -285.26,-214.32 -518.68,-635.73 -826.84,-981.65 -43.46,-48.79 -60.03,-60.87 -99.48,-111.91l-547.53 -673.78c-307.22,-379.45 -428.56,-511.78 -683.91,-936.69 -343.21,-571.14 -379.35,-395.42 -606.99,-614.32 -80.06,-76.99 -112.28,-133.5 -187.28,-212 -70.34,-73.62 -111.72,-144.21 -176.58,-222.7 -271.61,-328.66 -394.24,-534.02 -727.92,-892.68l-1163.22 -1279.42c-172.43,-233.87 -377.41,-501.25 -674.37,-570.44 0,137.39 -20.65,160.25 -24.25,281.08l-22.71 893.27z\"><\/path> <\/g><\/svg>\t\t\t\t\t<\/div>\n\t\t\t\t\n\t\t\t\t\t\t\t\t\t<\/div>\n\t\t\t\t\t\t<\/div>\n\t\t\t\t<\/div>\n\t\t\t\t\t<\/div>\n\t\t<\/div>\n\t\t\t\t<div class=\"elementor-column elementor-col-50 elementor-inner-column elementor-element elementor-element-58053e6\" data-id=\"58053e6\" data-element_type=\"column\">\n\t\t\t<div class=\"elementor-widget-wrap elementor-element-populated\">\n\t\t\t\t\t\t<div class=\"elementor-element elementor-element-685acc1 elementor-widget elementor-widget-heading\" data-id=\"685acc1\" data-element_type=\"widget\" data-widget_type=\"heading.default\">\n\t\t\t\t<div class=\"elementor-widget-container\">\n\t\t\t\t\t<h2 class=\"elementor-heading-title elementor-size-default\">LOFTS<\/h2>\t\t\t\t<\/div>\n\t\t\t\t<\/div>\n\t\t\t\t<div class=\"elementor-element elementor-element-ee5435e elementor-widget elementor-widget-heading\" data-id=\"ee5435e\" data-element_type=\"widget\" data-widget_type=\"heading.default\">\n\t\t\t\t<div class=\"elementor-widget-container\">\n\t\t\t\t\t<p class=\"elementor-heading-title elementor-size-default\">(para parejas o hasta 4 personas) \u2013 Suites privadas con versatilidad<\/p>\t\t\t\t<\/div>\n\t\t\t\t<\/div>\n\t\t\t\t<div class=\"elementor-element elementor-element-343d52e elementor-widget elementor-widget-heading\" data-id=\"343d52e\" data-element_type=\"widget\" data-widget_type=\"heading.default\">\n\t\t\t\t<div class=\"elementor-widget-container\">\n\t\t\t\t\t<p class=\"elementor-heading-title elementor-size-default\">Ideal para parejas, amigos o grupos. <br>Peque\u00f1o, con toda la practicidad.<\/p>\t\t\t\t<\/div>\n\t\t\t\t<\/div>\n\t\t\t\t<div class=\"elementor-element elementor-element-3cb1048 elementor-align-left elementor-list-item-link-full_width elementor-widget elementor-widget-icon-list\" data-id=\"3cb1048\" data-element_type=\"widget\" data-widget_type=\"icon-list.default\">\n\t\t\t\t<div class=\"elementor-widget-container\">\n\t\t\t\t\t\t\t<ul class=\"elementor-icon-list-items\">\n\t\t\t\t\t\t\t<li class=\"elementor-icon-list-item\">\n\t\t\t\t\t\t\t\t\t\t\t<span class=\"elementor-icon-list-icon\">\n\t\t\t\t\t\t\t<i aria-hidden=\"true\" class=\"fas fa-check-circle\"><\/i>\t\t\t\t\t\t<\/span>\n\t\t\t\t\t\t\t\t\t\t<span class=\"elementor-icon-list-text\">Habitaciones privadas con varias opciones <br>Configuraci\u00f3n: 1 cama doble, 2 camas individuales o 4 camas individuales<\/span>\n\t\t\t\t\t\t\t\t\t<\/li>\n\t\t\t\t\t\t\t\t<li class=\"elementor-icon-list-item\">\n\t\t\t\t\t\t\t\t\t\t\t<span class=\"elementor-icon-list-icon\">\n\t\t\t\t\t\t\t<i aria-hidden=\"true\" class=\"fas fa-check-circle\"><\/i>\t\t\t\t\t\t<\/span>\n\t\t\t\t\t\t\t\t\t\t<span class=\"elementor-icon-list-text\">Ba\u00f1o privado completo<\/span>\n\t\t\t\t\t\t\t\t\t<\/li>\n\t\t\t\t\t\t\t\t<li class=\"elementor-icon-list-item\">\n\t\t\t\t\t\t\t\t\t\t\t<span class=\"elementor-icon-list-icon\">\n\t\t\t\t\t\t\t<i aria-hidden=\"true\" class=\"fas fa-check-circle\"><\/i>\t\t\t\t\t\t<\/span>\n\t\t\t\t\t\t\t\t\t\t<span class=\"elementor-icon-list-text\">Opci\u00f3n econ\u00f3mica con ventilador, o confort con aire acondicionado\/calefacci\u00f3n<\/span>\n\t\t\t\t\t\t\t\t\t<\/li>\n\t\t\t\t\t\t\t\t<li class=\"elementor-icon-list-item\">\n\t\t\t\t\t\t\t\t\t\t\t<span class=\"elementor-icon-list-icon\">\n\t\t\t\t\t\t\t<i aria-hidden=\"true\" class=\"fas fa-check-circle\"><\/i>\t\t\t\t\t\t<\/span>\n\t\t\t\t\t\t\t\t\t\t<span class=\"elementor-icon-list-text\">Cama lista y toallas incluidas<\/span>\n\t\t\t\t\t\t\t\t\t<\/li>\n\t\t\t\t\t\t<\/ul>\n\t\t\t\t\t\t<\/div>\n\t\t\t\t<\/div>\n\t\t\t\t\t<\/div>\n\t\t<\/div>\n\t\t\t\t\t<\/div>\n\t\t<\/section>\n\t\t\t\t<section class=\"elementor-section elementor-inner-section elementor-element elementor-element-aa78318 elementor-section-boxed elementor-section-height-default elementor-section-height-default\" data-id=\"aa78318\" data-element_type=\"section\">\n\t\t\t\t\t\t<div class=\"elementor-container elementor-column-gap-default\">\n\t\t\t\t\t<div class=\"elementor-column elementor-col-100 elementor-inner-column elementor-element elementor-element-512a5cb\" data-id=\"512a5cb\" data-element_type=\"column\">\n\t\t\t<div class=\"elementor-widget-wrap elementor-element-populated\">\n\t\t\t\t\t\t<section class=\"elementor-section elementor-inner-section elementor-element elementor-element-e22efed elementor-section-boxed elementor-section-height-default elementor-section-height-default\" data-id=\"e22efed\" data-element_type=\"section\">\n\t\t\t\t\t\t<div class=\"elementor-container elementor-column-gap-default\">\n\t\t\t\t\t<div class=\"elementor-column elementor-col-33 elementor-inner-column elementor-element elementor-element-353d1ce\" data-id=\"353d1ce\" data-element_type=\"column\">\n\t\t\t<div class=\"elementor-widget-wrap elementor-element-populated\">\n\t\t\t\t\t\t<div class=\"elementor-element elementor-element-7a5329f elementor-widget__width-initial elementor-widget elementor-widget-image\" data-id=\"7a5329f\" data-element_type=\"widget\" data-widget_type=\"image.default\">\n\t\t\t\t<div class=\"elementor-widget-container\">\n\t\t\t\t\t\t\t\t\t\t\t\t\t\t\t\t<a href=\"#elementor-action%3Aaction%3Dpopup%3Aopen%26settings%3DeyJpZCI6IjIxMDAiLCJ0b2dnbGUiOmZhbHNlfQ%3D%3D\" target=\"_blank\">\n\t\t\t\t\t\t\t<img decoding=\"async\" width=\"200\" height=\"200\" src=\"https:\/\/odecasahostel.com\/wp-content\/uploads\/2025\/11\/botao-menor.png\" class=\"attachment-large size-large wp-image-2110\" alt=\"\" srcset=\"https:\/\/odecasahostel.com\/wp-content\/uploads\/2025\/11\/botao-menor.png 200w, https:\/\/odecasahostel.com\/wp-content\/uploads\/2025\/11\/botao-menor-150x150.png 150w, https:\/\/odecasahostel.com\/wp-content\/uploads\/2025\/11\/botao-menor-12x12.png 12w\" sizes=\"(max-width: 200px) 100vw, 200px\" \/>\t\t\t\t\t\t\t\t<\/a>\n\t\t\t\t\t\t\t\t\t\t\t\t\t\t\t<\/div>\n\t\t\t\t<\/div>\n\t\t\t\t\t<\/div>\n\t\t<\/div>\n\t\t\t\t<div class=\"elementor-column elementor-col-33 elementor-inner-column elementor-element elementor-element-d7ab7be\" data-id=\"d7ab7be\" data-element_type=\"column\">\n\t\t\t<div class=\"elementor-widget-wrap elementor-element-populated\">\n\t\t\t\t\t\t<div class=\"elementor-element elementor-element-5040151 e-grid-align-mobile-center elementor-widget__width-initial elementor-shape-rounded elementor-grid-0 e-grid-align-center elementor-widget elementor-widget-social-icons\" data-id=\"5040151\" data-element_type=\"widget\" data-widget_type=\"social-icons.default\">\n\t\t\t\t<div class=\"elementor-widget-container\">\n\t\t\t\t\t\t\t<div class=\"elementor-social-icons-wrapper elementor-grid\">\n\t\t\t\t\t\t\t<span class=\"elementor-grid-item\">\n\t\t\t\t\t<a class=\"elementor-icon elementor-social-icon elementor-social-icon-instagram elementor-repeater-item-9938722\" href=\"https:\/\/www.instagram.com\/odecasahostel\/\" target=\"_blank\" rel=\"noopener\">\n\t\t\t\t\t\t<span class=\"elementor-screen-only\">Instagram<\/span>\n\t\t\t\t\t\t<i class=\"fab fa-instagram\"><\/i>\t\t\t\t\t<\/a>\n\t\t\t\t<\/span>\n\t\t\t\t\t\t\t<span class=\"elementor-grid-item\">\n\t\t\t\t\t<a class=\"elementor-icon elementor-social-icon elementor-social-icon-whatsapp elementor-repeater-item-755803f\" href=\"https:\/\/api.whatsapp.com\/send\/?phone=551130635216&#038;text=Ol%C3%A1%2C+vim+atrav%C3%A9s+do+site+e+gostaria+de+um+atendimento&#038;type=phone_number&#038;app_absent=0\" target=\"_blank\" rel=\"noopener\">\n\t\t\t\t\t\t<span class=\"elementor-screen-only\">Whatsapp<\/span>\n\t\t\t\t\t\t<i class=\"fab fa-whatsapp\"><\/i>\t\t\t\t\t<\/a>\n\t\t\t\t<\/span>\n\t\t\t\t\t<\/div>\n\t\t\t\t\t\t<\/div>\n\t\t\t\t<\/div>\n\t\t\t\t\t<\/div>\n\t\t<\/div>\n\t\t\t\t<div class=\"elementor-column elementor-col-33 elementor-inner-column elementor-element elementor-element-2847b43\" data-id=\"2847b43\" data-element_type=\"column\">\n\t\t\t<div class=\"elementor-widget-wrap elementor-element-populated\">\n\t\t\t\t\t\t<div class=\"elementor-element elementor-element-5eef85f elementor-icon-list--layout-inline elementor-mobile-align-center elementor-list-item-link-full_width elementor-widget elementor-widget-icon-list\" data-id=\"5eef85f\" data-element_type=\"widget\" data-widget_type=\"icon-list.default\">\n\t\t\t\t<div class=\"elementor-widget-container\">\n\t\t\t\t\t\t\t<ul class=\"elementor-icon-list-items elementor-inline-items\">\n\t\t\t\t\t\t\t<li class=\"elementor-icon-list-item elementor-inline-item\">\n\t\t\t\t\t\t\t\t\t\t\t<a href=\"https:\/\/share.google\/tvtTVVcapdHMGrn4T\" target=\"_blank\" rel=\"noopener\">\n\n\t\t\t\t\t\t\t\t\t\t\t\t<span class=\"elementor-icon-list-icon\">\n\t\t\t\t\t\t\t<i aria-hidden=\"true\" class=\"fas fa-map-marked-alt\"><\/i>\t\t\t\t\t\t<\/span>\n\t\t\t\t\t\t\t\t\t\t<span class=\"elementor-icon-list-text\">VILA MADALENA | S\u00c3O PAULO | BRASIL<\/span>\n\t\t\t\t\t\t\t\t\t\t\t<\/a>\n\t\t\t\t\t\t\t\t\t<\/li>\n\t\t\t\t\t\t<\/ul>\n\t\t\t\t\t\t<\/div>\n\t\t\t\t<\/div>\n\t\t\t\t\t<\/div>\n\t\t<\/div>\n\t\t\t\t\t<\/div>\n\t\t<\/section>\n\t\t\t\t\t<\/div>\n\t\t<\/div>\n\t\t\t\t\t<\/div>\n\t\t<\/section>\n\t\t\t\t\t<\/div>\n\t\t<\/div>\n\t\t\t\t\t<\/div>\n\t\t<\/section>\n\t\t\t\t<\/div>","protected":false},"excerpt":{"rendered":"<p>LOFTS (casal ou at\u00e9 4 pessoas) \u2013 Su\u00edtes privativas com versatilidade Ideal pra casal, amigos ou grupo pequeno, com toda a praticidade. Quartos privativos com v\u00e1rias op\u00e7\u00f5es de configura\u00e7\u00e3o: 1 cama de casal, 2 solteiro, ou 4 solteiro Banheiro completo privativo Op\u00e7\u00e3o econ\u00f4mica c\/ ventilador, ou conforto c\/ ar-condicionado\/aquecedor Cama pronta e toalhas inclusas Instagram [&hellip;]<\/p>","protected":false},"author":1,"featured_media":0,"parent":0,"menu_order":0,"comment_status":"closed","ping_status":"closed","template":"","meta":{"inline_featured_image":false,"footnotes":""},"class_list":["post-1464","page","type-page","status-publish","hentry"],"_links":{"self":[{"href":"https:\/\/odecasahostel.com\/es\/wp-json\/wp\/v2\/pages\/1464","targetHints":{"allow":["GET"]}}],"collection":[{"href":"https:\/\/odecasahostel.com\/es\/wp-json\/wp\/v2\/pages"}],"about":[{"href":"https:\/\/odecasahostel.com\/es\/wp-json\/wp\/v2\/types\/page"}],"author":[{"embeddable":true,"href":"https:\/\/odecasahostel.com\/es\/wp-json\/wp\/v2\/users\/1"}],"replies":[{"embeddable":true,"href":"https:\/\/odecasahostel.com\/es\/wp-json\/wp\/v2\/comments?post=1464"}],"version-history":[{"count":55,"href":"https:\/\/odecasahostel.com\/es\/wp-json\/wp\/v2\/pages\/1464\/revisions"}],"predecessor-version":[{"id":2788,"href":"https:\/\/odecasahostel.com\/es\/wp-json\/wp\/v2\/pages\/1464\/revisions\/2788"}],"wp:attachment":[{"href":"https:\/\/odecasahostel.com\/es\/wp-json\/wp\/v2\/media?parent=1464"}],"curies":[{"name":"wp","href":"https:\/\/api.w.org\/{rel}","templated":true}]}}