{"id":2288,"date":"2025-11-24T15:49:41","date_gmt":"2025-11-24T18:49:41","guid":{"rendered":"https:\/\/odecasahostel.com\/?page_id=2288"},"modified":"2026-02-02T01:20:39","modified_gmt":"2026-02-02T04:20:39","slug":"jobs","status":"publish","type":"page","link":"https:\/\/odecasahostel.com\/en\/jobs\/","title":{"rendered":"JOBS"},"content":{"rendered":"<div data-elementor-type=\"wp-page\" data-elementor-id=\"2288\" class=\"elementor elementor-2288\" data-elementor-post-type=\"page\">\n\t\t\t\t\t\t<section class=\"elementor-section elementor-top-section elementor-element elementor-element-7a8992d final elementor-section-content-middle elementor-section-boxed elementor-section-height-default elementor-section-height-default\" data-id=\"7a8992d\" data-element_type=\"section\" data-settings=\"{&quot;background_background&quot;:&quot;classic&quot;}\">\n\t\t\t\t\t\t<div class=\"elementor-container elementor-column-gap-no\">\n\t\t\t\t\t<div class=\"elementor-column elementor-col-50 elementor-top-column elementor-element elementor-element-0df9fe7\" data-id=\"0df9fe7\" data-element_type=\"column\">\n\t\t\t<div class=\"elementor-widget-wrap elementor-element-populated\">\n\t\t\t\t\t\t<div class=\"elementor-element elementor-element-0e43485 elementor-widget elementor-widget-image\" data-id=\"0e43485\" data-element_type=\"widget\" data-widget_type=\"image.default\">\n\t\t\t\t<div class=\"elementor-widget-container\">\n\t\t\t\t\t\t\t\t\t\t\t\t\t\t\t<img fetchpriority=\"high\" decoding=\"async\" width=\"726\" height=\"500\" src=\"https:\/\/odecasahostel.com\/wp-content\/uploads\/2025\/11\/teste.png\" class=\"attachment-large size-large wp-image-1968\" alt=\"\" srcset=\"https:\/\/odecasahostel.com\/wp-content\/uploads\/2025\/11\/teste.png 726w, https:\/\/odecasahostel.com\/wp-content\/uploads\/2025\/11\/teste-300x207.png 300w, https:\/\/odecasahostel.com\/wp-content\/uploads\/2025\/11\/teste-18x12.png 18w\" sizes=\"(max-width: 726px) 100vw, 726px\" \/>\t\t\t\t\t\t\t\t\t\t\t\t\t\t\t<\/div>\n\t\t\t\t<\/div>\n\t\t\t\t\t<\/div>\n\t\t<\/div>\n\t\t\t\t<div class=\"elementor-column elementor-col-50 elementor-top-column elementor-element elementor-element-48c812a\" data-id=\"48c812a\" data-element_type=\"column\">\n\t\t\t<div class=\"elementor-widget-wrap elementor-element-populated\">\n\t\t\t\t\t\t<div class=\"elementor-element elementor-element-01345b3 elementor-widget__width-initial elementor-widget elementor-widget-text-editor\" data-id=\"01345b3\" data-element_type=\"widget\" data-widget_type=\"text-editor.default\">\n\t\t\t\t<div class=\"elementor-widget-container\">\n\t\t\t\t\t\t\t\t\t\u00d4 de Casa never stops \u2014 and we\u2019re always looking for people to help us create unforgettable experiences for everyone who stays here. Check out all our open positions, both for volunteers and fixed staff. Think you\u2019d be a perfect match for our #staffmaislindo and have something new to offer? Apply to our talent pool! We can\u2019t wait to meet you. Ready to join us?\t\t\t\t\t\t\t\t<\/div>\n\t\t\t\t<\/div>\n\t\t\t\t<section class=\"elementor-section elementor-inner-section elementor-element elementor-element-67d2872 elementor-section-boxed elementor-section-height-default elementor-section-height-default\" data-id=\"67d2872\" data-element_type=\"section\">\n\t\t\t\t\t\t<div class=\"elementor-container elementor-column-gap-default\">\n\t\t\t\t\t<div class=\"elementor-column elementor-col-50 elementor-inner-column elementor-element elementor-element-019b40d\" data-id=\"019b40d\" data-element_type=\"column\">\n\t\t\t<div class=\"elementor-widget-wrap elementor-element-populated\">\n\t\t\t\t\t\t<div class=\"elementor-element elementor-element-04ef7c6 elementor-widget elementor-widget-image\" data-id=\"04ef7c6\" data-element_type=\"widget\" data-widget_type=\"image.default\">\n\t\t\t\t<div class=\"elementor-widget-container\">\n\t\t\t\t\t\t\t\t\t\t\t\t\t\t\t\t<a href=\"https:\/\/odecasahostel.pandape.infojobs.com.br\/\" target=\"_blank\" rel=\"noopener\">\n\t\t\t\t\t\t\t<img decoding=\"async\" width=\"105\" height=\"111\" src=\"https:\/\/odecasahostel.com\/wp-content\/uploads\/2025\/11\/trabalho.png\" class=\"attachment-large size-large wp-image-1975\" alt=\"\" srcset=\"https:\/\/odecasahostel.com\/wp-content\/uploads\/2025\/11\/trabalho.png 105w, https:\/\/odecasahostel.com\/wp-content\/uploads\/2025\/11\/trabalho-11x12.png 11w\" sizes=\"(max-width: 105px) 100vw, 105px\" \/>\t\t\t\t\t\t\t\t<\/a>\n\t\t\t\t\t\t\t\t\t\t\t\t\t\t\t<\/div>\n\t\t\t\t<\/div>\n\t\t\t\t\t<\/div>\n\t\t<\/div>\n\t\t\t\t<div class=\"elementor-column elementor-col-50 elementor-inner-column elementor-element elementor-element-9ebb041\" data-id=\"9ebb041\" data-element_type=\"column\">\n\t\t\t<div class=\"elementor-widget-wrap elementor-element-populated\">\n\t\t\t\t\t\t<div class=\"elementor-element elementor-element-6d885f1 elementor-widget elementor-widget-image\" data-id=\"6d885f1\" data-element_type=\"widget\" data-widget_type=\"image.default\">\n\t\t\t\t<div class=\"elementor-widget-container\">\n\t\t\t\t\t\t\t\t\t\t\t\t\t\t\t\t<a href=\"https:\/\/www.worldpackers.com\/pt-BR\/locations\/o-de-casa-hostel\" target=\"_blank\" rel=\"noopener\">\n\t\t\t\t\t\t\t<img decoding=\"async\" width=\"105\" height=\"111\" src=\"https:\/\/odecasahostel.com\/wp-content\/uploads\/2025\/11\/voluntariado.png\" class=\"attachment-large size-large wp-image-1976\" alt=\"\" srcset=\"https:\/\/odecasahostel.com\/wp-content\/uploads\/2025\/11\/voluntariado.png 105w, https:\/\/odecasahostel.com\/wp-content\/uploads\/2025\/11\/voluntariado-11x12.png 11w\" sizes=\"(max-width: 105px) 100vw, 105px\" \/>\t\t\t\t\t\t\t\t<\/a>\n\t\t\t\t\t\t\t\t\t\t\t\t\t\t\t<\/div>\n\t\t\t\t<\/div>\n\t\t\t\t\t<\/div>\n\t\t<\/div>\n\t\t\t\t\t<\/div>\n\t\t<\/section>\n\t\t\t\t\t<\/div>\n\t\t<\/div>\n\t\t\t\t\t<\/div>\n\t\t<\/section>\n\t\t\t\t<section class=\"elementor-section elementor-top-section elementor-element elementor-element-cd89cb8 elementor-section-boxed elementor-section-height-default elementor-section-height-default\" data-id=\"cd89cb8\" data-element_type=\"section\" data-settings=\"{&quot;background_background&quot;:&quot;classic&quot;,&quot;shape_divider_top&quot;:&quot;triangle&quot;,&quot;shape_divider_top_negative&quot;:&quot;yes&quot;}\">\n\t\t\t\t\t\t\t<div class=\"elementor-background-overlay\"><\/div>\n\t\t\t\t\t\t<div class=\"elementor-shape elementor-shape-top\" data-negative=\"true\">\n\t\t\t<svg xmlns=\"http:\/\/www.w3.org\/2000\/svg\" viewbox=\"0 0 1000 100\" preserveaspectratio=\"none\">\n\t<path class=\"elementor-shape-fill\" d=\"M500.2,94.7L0,0v100h1000V0L500.2,94.7z\"\/>\n<\/svg>\t\t<\/div>\n\t\t\t\t\t<div class=\"elementor-container elementor-column-gap-default\">\n\t\t\t\t\t<div class=\"elementor-column elementor-col-100 elementor-top-column elementor-element elementor-element-7e243d1\" data-id=\"7e243d1\" data-element_type=\"column\">\n\t\t\t<div class=\"elementor-widget-wrap elementor-element-populated\">\n\t\t\t\t\t\t<section class=\"elementor-section elementor-inner-section elementor-element elementor-element-9db9180 elementor-section-boxed elementor-section-height-default elementor-section-height-default\" data-id=\"9db9180\" data-element_type=\"section\">\n\t\t\t\t\t\t<div class=\"elementor-container elementor-column-gap-default\">\n\t\t\t\t\t<div class=\"elementor-column elementor-col-100 elementor-inner-column elementor-element elementor-element-0065568\" data-id=\"0065568\" data-element_type=\"column\">\n\t\t\t<div class=\"elementor-widget-wrap elementor-element-populated\">\n\t\t\t\t\t\t<section class=\"elementor-section elementor-inner-section elementor-element elementor-element-61eb016 elementor-section-boxed elementor-section-height-default elementor-section-height-default\" data-id=\"61eb016\" data-element_type=\"section\">\n\t\t\t\t\t\t<div class=\"elementor-container elementor-column-gap-default\">\n\t\t\t\t\t<div class=\"elementor-column elementor-col-33 elementor-inner-column elementor-element elementor-element-1ef85f3\" data-id=\"1ef85f3\" data-element_type=\"column\">\n\t\t\t<div class=\"elementor-widget-wrap elementor-element-populated\">\n\t\t\t\t\t\t<div class=\"elementor-element elementor-element-845b314 elementor-widget__width-initial elementor-widget elementor-widget-image\" data-id=\"845b314\" data-element_type=\"widget\" data-widget_type=\"image.default\">\n\t\t\t\t<div class=\"elementor-widget-container\">\n\t\t\t\t\t\t\t\t\t\t\t\t\t\t\t\t<a href=\"#elementor-action%3Aaction%3Dpopup%3Aopen%26settings%3DeyJpZCI6IjIxMDAiLCJ0b2dnbGUiOmZhbHNlfQ%3D%3D\" target=\"_blank\">\n\t\t\t\t\t\t\t<img loading=\"lazy\" decoding=\"async\" width=\"200\" height=\"200\" src=\"https:\/\/odecasahostel.com\/wp-content\/uploads\/2025\/11\/botao-menor.png\" class=\"attachment-large size-large wp-image-2110\" alt=\"\" srcset=\"https:\/\/odecasahostel.com\/wp-content\/uploads\/2025\/11\/botao-menor.png 200w, https:\/\/odecasahostel.com\/wp-content\/uploads\/2025\/11\/botao-menor-150x150.png 150w, https:\/\/odecasahostel.com\/wp-content\/uploads\/2025\/11\/botao-menor-12x12.png 12w\" sizes=\"(max-width: 200px) 100vw, 200px\" \/>\t\t\t\t\t\t\t\t<\/a>\n\t\t\t\t\t\t\t\t\t\t\t\t\t\t\t<\/div>\n\t\t\t\t<\/div>\n\t\t\t\t\t<\/div>\n\t\t<\/div>\n\t\t\t\t<div class=\"elementor-column elementor-col-33 elementor-inner-column elementor-element elementor-element-c16481a\" data-id=\"c16481a\" data-element_type=\"column\">\n\t\t\t<div class=\"elementor-widget-wrap elementor-element-populated\">\n\t\t\t\t\t\t<div class=\"elementor-element elementor-element-a10c9fa e-grid-align-mobile-center elementor-widget__width-initial elementor-shape-rounded elementor-grid-0 e-grid-align-center elementor-widget elementor-widget-social-icons\" data-id=\"a10c9fa\" data-element_type=\"widget\" data-widget_type=\"social-icons.default\">\n\t\t\t\t<div class=\"elementor-widget-container\">\n\t\t\t\t\t\t\t<div class=\"elementor-social-icons-wrapper elementor-grid\">\n\t\t\t\t\t\t\t<span class=\"elementor-grid-item\">\n\t\t\t\t\t<a class=\"elementor-icon elementor-social-icon elementor-social-icon-instagram elementor-repeater-item-9938722\" href=\"https:\/\/www.instagram.com\/odecasahostel\/\" target=\"_blank\" rel=\"noopener\">\n\t\t\t\t\t\t<span class=\"elementor-screen-only\">Instagram<\/span>\n\t\t\t\t\t\t<i class=\"fab fa-instagram\"><\/i>\t\t\t\t\t<\/a>\n\t\t\t\t<\/span>\n\t\t\t\t\t\t\t<span class=\"elementor-grid-item\">\n\t\t\t\t\t<a class=\"elementor-icon elementor-social-icon elementor-social-icon-whatsapp elementor-repeater-item-755803f\" href=\"https:\/\/api.whatsapp.com\/send\/?phone=551130635216&#038;text=Ol%C3%A1%2C+vim+atrav%C3%A9s+do+site+e+gostaria+de+um+atendimento&#038;type=phone_number&#038;app_absent=0\" target=\"_blank\" rel=\"noopener\">\n\t\t\t\t\t\t<span class=\"elementor-screen-only\">Whatsapp<\/span>\n\t\t\t\t\t\t<i class=\"fab fa-whatsapp\"><\/i>\t\t\t\t\t<\/a>\n\t\t\t\t<\/span>\n\t\t\t\t\t<\/div>\n\t\t\t\t\t\t<\/div>\n\t\t\t\t<\/div>\n\t\t\t\t\t<\/div>\n\t\t<\/div>\n\t\t\t\t<div class=\"elementor-column elementor-col-33 elementor-inner-column elementor-element elementor-element-cdfcdfc\" data-id=\"cdfcdfc\" data-element_type=\"column\">\n\t\t\t<div class=\"elementor-widget-wrap elementor-element-populated\">\n\t\t\t\t\t\t<div class=\"elementor-element elementor-element-b8252f5 elementor-icon-list--layout-inline elementor-mobile-align-center elementor-list-item-link-full_width elementor-widget elementor-widget-icon-list\" data-id=\"b8252f5\" data-element_type=\"widget\" data-widget_type=\"icon-list.default\">\n\t\t\t\t<div class=\"elementor-widget-container\">\n\t\t\t\t\t\t\t<ul class=\"elementor-icon-list-items elementor-inline-items\">\n\t\t\t\t\t\t\t<li class=\"elementor-icon-list-item elementor-inline-item\">\n\t\t\t\t\t\t\t\t\t\t\t<a href=\"https:\/\/share.google\/tvtTVVcapdHMGrn4T\" target=\"_blank\" rel=\"noopener\">\n\n\t\t\t\t\t\t\t\t\t\t\t\t<span class=\"elementor-icon-list-icon\">\n\t\t\t\t\t\t\t<i aria-hidden=\"true\" class=\"fas fa-map-marked-alt\"><\/i>\t\t\t\t\t\t<\/span>\n\t\t\t\t\t\t\t\t\t\t<span class=\"elementor-icon-list-text\">VILA MADALENA | S\u00c3O PAULO | BRASIL<\/span>\n\t\t\t\t\t\t\t\t\t\t\t<\/a>\n\t\t\t\t\t\t\t\t\t<\/li>\n\t\t\t\t\t\t<\/ul>\n\t\t\t\t\t\t<\/div>\n\t\t\t\t<\/div>\n\t\t\t\t\t<\/div>\n\t\t<\/div>\n\t\t\t\t\t<\/div>\n\t\t<\/section>\n\t\t\t\t\t<\/div>\n\t\t<\/div>\n\t\t\t\t\t<\/div>\n\t\t<\/section>\n\t\t\t\t\t<\/div>\n\t\t<\/div>\n\t\t\t\t\t<\/div>\n\t\t<\/section>\n\t\t\t\t<\/div>","protected":false},"excerpt":{"rendered":"<p>O \u00d4 de Casa n\u00e3o para e sempre tem vaga aberta pra quem quer ajudar a construir uma experi\u00eancia inesquec\u00edvel pra quem passa por aqui. Aqui voc\u00ea encontra todas as vagas, seja de voluntariado ou de equipe \ufb01xa. E se voc\u00ea acha que tem tudo a ver com o #staffmaislindo e traz algo que a [&hellip;]<\/p>","protected":false},"author":1,"featured_media":0,"parent":0,"menu_order":0,"comment_status":"closed","ping_status":"closed","template":"","meta":{"inline_featured_image":false,"footnotes":""},"class_list":["post-2288","page","type-page","status-publish","hentry"],"_links":{"self":[{"href":"https:\/\/odecasahostel.com\/en\/wp-json\/wp\/v2\/pages\/2288","targetHints":{"allow":["GET"]}}],"collection":[{"href":"https:\/\/odecasahostel.com\/en\/wp-json\/wp\/v2\/pages"}],"about":[{"href":"https:\/\/odecasahostel.com\/en\/wp-json\/wp\/v2\/types\/page"}],"author":[{"embeddable":true,"href":"https:\/\/odecasahostel.com\/en\/wp-json\/wp\/v2\/users\/1"}],"replies":[{"embeddable":true,"href":"https:\/\/odecasahostel.com\/en\/wp-json\/wp\/v2\/comments?post=2288"}],"version-history":[{"count":19,"href":"https:\/\/odecasahostel.com\/en\/wp-json\/wp\/v2\/pages\/2288\/revisions"}],"predecessor-version":[{"id":3000,"href":"https:\/\/odecasahostel.com\/en\/wp-json\/wp\/v2\/pages\/2288\/revisions\/3000"}],"wp:attachment":[{"href":"https:\/\/odecasahostel.com\/en\/wp-json\/wp\/v2\/media?parent=2288"}],"curies":[{"name":"wp","href":"https:\/\/api.w.org\/{rel}","templated":true}]}}